{"id":721,"date":"2023-04-18T15:16:17","date_gmt":"2023-04-18T13:16:17","guid":{"rendered":"https:\/\/nolinskiparis.com\/ilcaffe\/?page_id=721"},"modified":"2026-04-16T10:46:18","modified_gmt":"2026-04-16T08:46:18","slug":"menu-il-caffe-nolinski","status":"publish","type":"page","link":"https:\/\/ilcaffe-restaurant-nolinskivenezia.com\/it\/menu-il-caffe-nolinski\/","title":{"rendered":"Menu"},"content":{"rendered":"","protected":false},"excerpt":{"rendered":"","protected":false},"author":3,"featured_media":0,"parent":0,"menu_order":0,"comment_status":"closed","ping_status":"closed","template":"","meta":{"_acf_changed":false,"inline_featured_image":false,"footnotes":""},"class_list":["post-721","page","type-page","status-publish","hentry"],"acf":[],"yoast_head":"<!-- This site is optimized with the Yoast SEO plugin v27.4 - https:\/\/yoast.com\/product\/yoast-seo-wordpress\/ -->\n<title>Il Caff\u00e8 Nolinski Venezia - Ristoranti vicino a San Marco Venezia Italia<\/title>\n<meta name=\"description\" content=\"Pranzo e cena in un ambiente a due passi da San Marco. Scoprite il menu: spritz, pasta fatta in casa, frutti di mare, dolci.\" \/>\n<meta name=\"robots\" content=\"index, follow, max-snippet:-1, max-image-preview:large, max-video-preview:-1\" \/>\n<link rel=\"canonical\" href=\"https:\/\/ilcaffe-restaurant-nolinskivenezia.com\/it\/menu-il-caffe-nolinski\/\" \/>\n<meta property=\"og:locale\" content=\"it_IT\" \/>\n<meta property=\"og:type\" content=\"article\" \/>\n<meta property=\"og:title\" content=\"Il Caff\u00e8 Nolinski Venezia - Ristoranti vicino a San Marco Venezia Italia\" \/>\n<meta property=\"og:description\" content=\"Pranzo e cena in un ambiente a due passi da San Marco. Scoprite il menu: spritz, pasta fatta in casa, frutti di mare, dolci.\" \/>\n<meta property=\"og:url\" content=\"https:\/\/ilcaffe-restaurant-nolinskivenezia.com\/it\/menu-il-caffe-nolinski\/\" \/>\n<meta property=\"og:site_name\" content=\"Il Caff\u00e8\" \/>\n<meta property=\"article:modified_time\" content=\"2026-04-16T08:46:18+00:00\" \/>\n<meta name=\"twitter:card\" content=\"summary_large_image\" \/>\n<script type=\"application\/ld+json\" class=\"yoast-schema-graph\">{\"@context\":\"https:\\\/\\\/schema.org\",\"@graph\":[{\"@type\":\"WebPage\",\"@id\":\"https:\\\/\\\/ilcaffe-restaurant-nolinskivenezia.com\\\/it\\\/menu-il-caffe-nolinski\\\/\",\"url\":\"https:\\\/\\\/ilcaffe-restaurant-nolinskivenezia.com\\\/it\\\/menu-il-caffe-nolinski\\\/\",\"name\":\"Il Caff\u00e8 Nolinski Venezia - Ristoranti vicino a San Marco Venezia Italia\",\"isPartOf\":{\"@id\":\"https:\\\/\\\/ilcaffe-restaurant-nolinskivenezia.com\\\/#website\"},\"datePublished\":\"2023-04-18T13:16:17+00:00\",\"dateModified\":\"2026-04-16T08:46:18+00:00\",\"description\":\"Pranzo e cena in un ambiente a due passi da San Marco. Scoprite il menu: spritz, pasta fatta in casa, frutti di mare, dolci.\",\"breadcrumb\":{\"@id\":\"https:\\\/\\\/ilcaffe-restaurant-nolinskivenezia.com\\\/it\\\/menu-il-caffe-nolinski\\\/#breadcrumb\"},\"inLanguage\":\"it-IT\",\"potentialAction\":[{\"@type\":\"ReadAction\",\"target\":[\"https:\\\/\\\/ilcaffe-restaurant-nolinskivenezia.com\\\/it\\\/menu-il-caffe-nolinski\\\/\"]}]},{\"@type\":\"BreadcrumbList\",\"@id\":\"https:\\\/\\\/ilcaffe-restaurant-nolinskivenezia.com\\\/it\\\/menu-il-caffe-nolinski\\\/#breadcrumb\",\"itemListElement\":[{\"@type\":\"ListItem\",\"position\":1,\"name\":\"Accueil\",\"item\":\"https:\\\/\\\/ilcaffe-restaurant-nolinskivenezia.com\\\/it\\\/\"},{\"@type\":\"ListItem\",\"position\":2,\"name\":\"Menu\"}]},{\"@type\":\"WebSite\",\"@id\":\"https:\\\/\\\/ilcaffe-restaurant-nolinskivenezia.com\\\/#website\",\"url\":\"https:\\\/\\\/ilcaffe-restaurant-nolinskivenezia.com\\\/\",\"name\":\"Il Caff\u00e8\",\"description\":\"H\u00f4tel 5 \u00e9toiles \u00e0 Venise, Italie\",\"potentialAction\":[{\"@type\":\"SearchAction\",\"target\":{\"@type\":\"EntryPoint\",\"urlTemplate\":\"https:\\\/\\\/ilcaffe-restaurant-nolinskivenezia.com\\\/?s={search_term_string}\"},\"query-input\":{\"@type\":\"PropertyValueSpecification\",\"valueRequired\":true,\"valueName\":\"search_term_string\"}}],\"inLanguage\":\"it-IT\"}]}<\/script>\n<!-- \/ Yoast SEO plugin. -->","yoast_head_json":{"title":"Il Caff\u00e8 Nolinski Venezia - Ristoranti vicino a San Marco Venezia Italia","description":"Pranzo e cena in un ambiente a due passi da San Marco. Scoprite il menu: spritz, pasta fatta in casa, frutti di mare, dolci.","robots":{"index":"index","follow":"follow","max-snippet":"max-snippet:-1","max-image-preview":"max-image-preview:large","max-video-preview":"max-video-preview:-1"},"canonical":"https:\/\/ilcaffe-restaurant-nolinskivenezia.com\/it\/menu-il-caffe-nolinski\/","og_locale":"it_IT","og_type":"article","og_title":"Il Caff\u00e8 Nolinski Venezia - Ristoranti vicino a San Marco Venezia Italia","og_description":"Pranzo e cena in un ambiente a due passi da San Marco. Scoprite il menu: spritz, pasta fatta in casa, frutti di mare, dolci.","og_url":"https:\/\/ilcaffe-restaurant-nolinskivenezia.com\/it\/menu-il-caffe-nolinski\/","og_site_name":"Il Caff\u00e8","article_modified_time":"2026-04-16T08:46:18+00:00","twitter_card":"summary_large_image","schema":{"@context":"https:\/\/schema.org","@graph":[{"@type":"WebPage","@id":"https:\/\/ilcaffe-restaurant-nolinskivenezia.com\/it\/menu-il-caffe-nolinski\/","url":"https:\/\/ilcaffe-restaurant-nolinskivenezia.com\/it\/menu-il-caffe-nolinski\/","name":"Il Caff\u00e8 Nolinski Venezia - Ristoranti vicino a San Marco Venezia Italia","isPartOf":{"@id":"https:\/\/ilcaffe-restaurant-nolinskivenezia.com\/#website"},"datePublished":"2023-04-18T13:16:17+00:00","dateModified":"2026-04-16T08:46:18+00:00","description":"Pranzo e cena in un ambiente a due passi da San Marco. Scoprite il menu: spritz, pasta fatta in casa, frutti di mare, dolci.","breadcrumb":{"@id":"https:\/\/ilcaffe-restaurant-nolinskivenezia.com\/it\/menu-il-caffe-nolinski\/#breadcrumb"},"inLanguage":"it-IT","potentialAction":[{"@type":"ReadAction","target":["https:\/\/ilcaffe-restaurant-nolinskivenezia.com\/it\/menu-il-caffe-nolinski\/"]}]},{"@type":"BreadcrumbList","@id":"https:\/\/ilcaffe-restaurant-nolinskivenezia.com\/it\/menu-il-caffe-nolinski\/#breadcrumb","itemListElement":[{"@type":"ListItem","position":1,"name":"Accueil","item":"https:\/\/ilcaffe-restaurant-nolinskivenezia.com\/it\/"},{"@type":"ListItem","position":2,"name":"Menu"}]},{"@type":"WebSite","@id":"https:\/\/ilcaffe-restaurant-nolinskivenezia.com\/#website","url":"https:\/\/ilcaffe-restaurant-nolinskivenezia.com\/","name":"Il Caff\u00e8","description":"H\u00f4tel 5 \u00e9toiles \u00e0 Venise, Italie","potentialAction":[{"@type":"SearchAction","target":{"@type":"EntryPoint","urlTemplate":"https:\/\/ilcaffe-restaurant-nolinskivenezia.com\/?s={search_term_string}"},"query-input":{"@type":"PropertyValueSpecification","valueRequired":true,"valueName":"search_term_string"}}],"inLanguage":"it-IT"}]}},"_links":{"self":[{"href":"https:\/\/ilcaffe-restaurant-nolinskivenezia.com\/it\/wp-json\/wp\/v2\/pages\/721","targetHints":{"allow":["GET"]}}],"collection":[{"href":"https:\/\/ilcaffe-restaurant-nolinskivenezia.com\/it\/wp-json\/wp\/v2\/pages"}],"about":[{"href":"https:\/\/ilcaffe-restaurant-nolinskivenezia.com\/it\/wp-json\/wp\/v2\/types\/page"}],"author":[{"embeddable":true,"href":"https:\/\/ilcaffe-restaurant-nolinskivenezia.com\/it\/wp-json\/wp\/v2\/users\/3"}],"replies":[{"embeddable":true,"href":"https:\/\/ilcaffe-restaurant-nolinskivenezia.com\/it\/wp-json\/wp\/v2\/comments?post=721"}],"version-history":[{"count":66,"href":"https:\/\/ilcaffe-restaurant-nolinskivenezia.com\/it\/wp-json\/wp\/v2\/pages\/721\/revisions"}],"predecessor-version":[{"id":3915,"href":"https:\/\/ilcaffe-restaurant-nolinskivenezia.com\/it\/wp-json\/wp\/v2\/pages\/721\/revisions\/3915"}],"wp:attachment":[{"href":"https:\/\/ilcaffe-restaurant-nolinskivenezia.com\/it\/wp-json\/wp\/v2\/media?parent=721"}],"curies":[{"name":"wp","href":"https:\/\/api.w.org\/{rel}","templated":true}]}}