{"id":3583,"date":"2025-04-02T17:50:28","date_gmt":"2025-04-02T15:50:28","guid":{"rendered":"https:\/\/ilcaffe-restaurant-nolinskivenezia.com\/adresses\/"},"modified":"2025-06-02T16:15:16","modified_gmt":"2025-06-02T14:15:16","slug":"destinazioni","status":"publish","type":"page","link":"https:\/\/ilcaffe-restaurant-nolinskivenezia.com\/it\/destinazioni\/","title":{"rendered":"Destinazioni"},"content":{"rendered":"","protected":false},"excerpt":{"rendered":"","protected":false},"author":3,"featured_media":0,"parent":0,"menu_order":0,"comment_status":"closed","ping_status":"closed","template":"","meta":{"_acf_changed":false,"inline_featured_image":false,"footnotes":""},"class_list":["post-3583","page","type-page","status-publish","hentry"],"acf":[],"yoast_head":"<!-- This site is optimized with the Yoast SEO plugin v27.4 - https:\/\/yoast.com\/product\/yoast-seo-wordpress\/ -->\n<title>Ristoranti Nolinski: Parigi, Venezia e Saint-Tropez<\/title>\n<meta name=\"description\" content=\"Scoprite i ristoranti Nolinski a Parigi, Venezia e Saint-Tropez: luoghi eccezionali che combinano art de vivre, eleganza e gastronomia.\" \/>\n<meta name=\"robots\" content=\"index, follow, max-snippet:-1, max-image-preview:large, max-video-preview:-1\" \/>\n<link rel=\"canonical\" href=\"https:\/\/ilcaffe-restaurant-nolinskivenezia.com\/it\/destinazioni\/\" \/>\n<meta property=\"og:locale\" content=\"it_IT\" \/>\n<meta property=\"og:type\" content=\"article\" \/>\n<meta property=\"og:title\" content=\"Ristoranti Nolinski: Parigi, Venezia e Saint-Tropez\" \/>\n<meta property=\"og:description\" content=\"Scoprite i ristoranti Nolinski a Parigi, Venezia e Saint-Tropez: luoghi eccezionali che combinano art de vivre, eleganza e gastronomia.\" \/>\n<meta property=\"og:url\" content=\"https:\/\/ilcaffe-restaurant-nolinskivenezia.com\/it\/destinazioni\/\" \/>\n<meta property=\"og:site_name\" content=\"Il Caff\u00e8\" \/>\n<meta property=\"article:modified_time\" content=\"2025-06-02T14:15:16+00:00\" \/>\n<meta name=\"twitter:card\" content=\"summary_large_image\" \/>\n<script type=\"application\/ld+json\" class=\"yoast-schema-graph\">{\"@context\":\"https:\\\/\\\/schema.org\",\"@graph\":[{\"@type\":\"WebPage\",\"@id\":\"https:\\\/\\\/ilcaffe-restaurant-nolinskivenezia.com\\\/it\\\/destinazioni\\\/\",\"url\":\"https:\\\/\\\/ilcaffe-restaurant-nolinskivenezia.com\\\/it\\\/destinazioni\\\/\",\"name\":\"Ristoranti Nolinski: Parigi, Venezia e Saint-Tropez\",\"isPartOf\":{\"@id\":\"https:\\\/\\\/ilcaffe-restaurant-nolinskivenezia.com\\\/#website\"},\"datePublished\":\"2025-04-02T15:50:28+00:00\",\"dateModified\":\"2025-06-02T14:15:16+00:00\",\"description\":\"Scoprite i ristoranti Nolinski a Parigi, Venezia e Saint-Tropez: luoghi eccezionali che combinano art de vivre, eleganza e gastronomia.\",\"breadcrumb\":{\"@id\":\"https:\\\/\\\/ilcaffe-restaurant-nolinskivenezia.com\\\/it\\\/destinazioni\\\/#breadcrumb\"},\"inLanguage\":\"it-IT\",\"potentialAction\":[{\"@type\":\"ReadAction\",\"target\":[\"https:\\\/\\\/ilcaffe-restaurant-nolinskivenezia.com\\\/it\\\/destinazioni\\\/\"]}]},{\"@type\":\"BreadcrumbList\",\"@id\":\"https:\\\/\\\/ilcaffe-restaurant-nolinskivenezia.com\\\/it\\\/destinazioni\\\/#breadcrumb\",\"itemListElement\":[{\"@type\":\"ListItem\",\"position\":1,\"name\":\"Accueil\",\"item\":\"https:\\\/\\\/ilcaffe-restaurant-nolinskivenezia.com\\\/it\\\/\"},{\"@type\":\"ListItem\",\"position\":2,\"name\":\"Destinazioni\"}]},{\"@type\":\"WebSite\",\"@id\":\"https:\\\/\\\/ilcaffe-restaurant-nolinskivenezia.com\\\/#website\",\"url\":\"https:\\\/\\\/ilcaffe-restaurant-nolinskivenezia.com\\\/\",\"name\":\"Il Caff\u00e8\",\"description\":\"H\u00f4tel 5 \u00e9toiles \u00e0 Venise, Italie\",\"potentialAction\":[{\"@type\":\"SearchAction\",\"target\":{\"@type\":\"EntryPoint\",\"urlTemplate\":\"https:\\\/\\\/ilcaffe-restaurant-nolinskivenezia.com\\\/?s={search_term_string}\"},\"query-input\":{\"@type\":\"PropertyValueSpecification\",\"valueRequired\":true,\"valueName\":\"search_term_string\"}}],\"inLanguage\":\"it-IT\"}]}<\/script>\n<!-- \/ Yoast SEO plugin. -->","yoast_head_json":{"title":"Ristoranti Nolinski: Parigi, Venezia e Saint-Tropez","description":"Scoprite i ristoranti Nolinski a Parigi, Venezia e Saint-Tropez: luoghi eccezionali che combinano art de vivre, eleganza e gastronomia.","robots":{"index":"index","follow":"follow","max-snippet":"max-snippet:-1","max-image-preview":"max-image-preview:large","max-video-preview":"max-video-preview:-1"},"canonical":"https:\/\/ilcaffe-restaurant-nolinskivenezia.com\/it\/destinazioni\/","og_locale":"it_IT","og_type":"article","og_title":"Ristoranti Nolinski: Parigi, Venezia e Saint-Tropez","og_description":"Scoprite i ristoranti Nolinski a Parigi, Venezia e Saint-Tropez: luoghi eccezionali che combinano art de vivre, eleganza e gastronomia.","og_url":"https:\/\/ilcaffe-restaurant-nolinskivenezia.com\/it\/destinazioni\/","og_site_name":"Il Caff\u00e8","article_modified_time":"2025-06-02T14:15:16+00:00","twitter_card":"summary_large_image","schema":{"@context":"https:\/\/schema.org","@graph":[{"@type":"WebPage","@id":"https:\/\/ilcaffe-restaurant-nolinskivenezia.com\/it\/destinazioni\/","url":"https:\/\/ilcaffe-restaurant-nolinskivenezia.com\/it\/destinazioni\/","name":"Ristoranti Nolinski: Parigi, Venezia e Saint-Tropez","isPartOf":{"@id":"https:\/\/ilcaffe-restaurant-nolinskivenezia.com\/#website"},"datePublished":"2025-04-02T15:50:28+00:00","dateModified":"2025-06-02T14:15:16+00:00","description":"Scoprite i ristoranti Nolinski a Parigi, Venezia e Saint-Tropez: luoghi eccezionali che combinano art de vivre, eleganza e gastronomia.","breadcrumb":{"@id":"https:\/\/ilcaffe-restaurant-nolinskivenezia.com\/it\/destinazioni\/#breadcrumb"},"inLanguage":"it-IT","potentialAction":[{"@type":"ReadAction","target":["https:\/\/ilcaffe-restaurant-nolinskivenezia.com\/it\/destinazioni\/"]}]},{"@type":"BreadcrumbList","@id":"https:\/\/ilcaffe-restaurant-nolinskivenezia.com\/it\/destinazioni\/#breadcrumb","itemListElement":[{"@type":"ListItem","position":1,"name":"Accueil","item":"https:\/\/ilcaffe-restaurant-nolinskivenezia.com\/it\/"},{"@type":"ListItem","position":2,"name":"Destinazioni"}]},{"@type":"WebSite","@id":"https:\/\/ilcaffe-restaurant-nolinskivenezia.com\/#website","url":"https:\/\/ilcaffe-restaurant-nolinskivenezia.com\/","name":"Il Caff\u00e8","description":"H\u00f4tel 5 \u00e9toiles \u00e0 Venise, Italie","potentialAction":[{"@type":"SearchAction","target":{"@type":"EntryPoint","urlTemplate":"https:\/\/ilcaffe-restaurant-nolinskivenezia.com\/?s={search_term_string}"},"query-input":{"@type":"PropertyValueSpecification","valueRequired":true,"valueName":"search_term_string"}}],"inLanguage":"it-IT"}]}},"_links":{"self":[{"href":"https:\/\/ilcaffe-restaurant-nolinskivenezia.com\/it\/wp-json\/wp\/v2\/pages\/3583","targetHints":{"allow":["GET"]}}],"collection":[{"href":"https:\/\/ilcaffe-restaurant-nolinskivenezia.com\/it\/wp-json\/wp\/v2\/pages"}],"about":[{"href":"https:\/\/ilcaffe-restaurant-nolinskivenezia.com\/it\/wp-json\/wp\/v2\/types\/page"}],"author":[{"embeddable":true,"href":"https:\/\/ilcaffe-restaurant-nolinskivenezia.com\/it\/wp-json\/wp\/v2\/users\/3"}],"replies":[{"embeddable":true,"href":"https:\/\/ilcaffe-restaurant-nolinskivenezia.com\/it\/wp-json\/wp\/v2\/comments?post=3583"}],"version-history":[{"count":8,"href":"https:\/\/ilcaffe-restaurant-nolinskivenezia.com\/it\/wp-json\/wp\/v2\/pages\/3583\/revisions"}],"predecessor-version":[{"id":3760,"href":"https:\/\/ilcaffe-restaurant-nolinskivenezia.com\/it\/wp-json\/wp\/v2\/pages\/3583\/revisions\/3760"}],"wp:attachment":[{"href":"https:\/\/ilcaffe-restaurant-nolinskivenezia.com\/it\/wp-json\/wp\/v2\/media?parent=3583"}],"curies":[{"name":"wp","href":"https:\/\/api.w.org\/{rel}","templated":true}]}}