{"id":3550,"date":"2025-04-02T17:47:38","date_gmt":"2025-04-02T15:47:38","guid":{"rendered":"https:\/\/ilcaffe-restaurant-nolinskivenezia.com\/galerie\/"},"modified":"2025-05-14T17:39:11","modified_gmt":"2025-05-14T15:39:11","slug":"galleria","status":"publish","type":"page","link":"https:\/\/ilcaffe-restaurant-nolinskivenezia.com\/it\/galleria\/","title":{"rendered":"Galleria"},"content":{"rendered":"","protected":false},"excerpt":{"rendered":"","protected":false},"author":3,"featured_media":0,"parent":0,"menu_order":0,"comment_status":"closed","ping_status":"closed","template":"","meta":{"_acf_changed":false,"inline_featured_image":false,"footnotes":""},"class_list":["post-3550","page","type-page","status-publish","hentry"],"acf":[],"yoast_head":"<!-- This site is optimized with the Yoast SEO plugin v27.4 - https:\/\/yoast.com\/product\/yoast-seo-wordpress\/ -->\n<title>Galleria - Il Caff\u00e8<\/title>\n<meta name=\"robots\" content=\"index, follow, max-snippet:-1, max-image-preview:large, max-video-preview:-1\" \/>\n<link rel=\"canonical\" href=\"https:\/\/ilcaffe-restaurant-nolinskivenezia.com\/it\/galleria\/\" \/>\n<meta property=\"og:locale\" content=\"it_IT\" \/>\n<meta property=\"og:type\" content=\"article\" \/>\n<meta property=\"og:title\" content=\"Galleria - Il Caff\u00e8\" \/>\n<meta property=\"og:url\" content=\"https:\/\/ilcaffe-restaurant-nolinskivenezia.com\/it\/galleria\/\" \/>\n<meta property=\"og:site_name\" content=\"Il Caff\u00e8\" \/>\n<meta property=\"article:modified_time\" content=\"2025-05-14T15:39:11+00:00\" \/>\n<meta name=\"twitter:card\" content=\"summary_large_image\" \/>\n<script type=\"application\/ld+json\" class=\"yoast-schema-graph\">{\"@context\":\"https:\\\/\\\/schema.org\",\"@graph\":[{\"@type\":\"WebPage\",\"@id\":\"https:\\\/\\\/ilcaffe-restaurant-nolinskivenezia.com\\\/it\\\/galleria\\\/\",\"url\":\"https:\\\/\\\/ilcaffe-restaurant-nolinskivenezia.com\\\/it\\\/galleria\\\/\",\"name\":\"Galleria - Il Caff\u00e8\",\"isPartOf\":{\"@id\":\"https:\\\/\\\/ilcaffe-restaurant-nolinskivenezia.com\\\/#website\"},\"datePublished\":\"2025-04-02T15:47:38+00:00\",\"dateModified\":\"2025-05-14T15:39:11+00:00\",\"breadcrumb\":{\"@id\":\"https:\\\/\\\/ilcaffe-restaurant-nolinskivenezia.com\\\/it\\\/galleria\\\/#breadcrumb\"},\"inLanguage\":\"it-IT\",\"potentialAction\":[{\"@type\":\"ReadAction\",\"target\":[\"https:\\\/\\\/ilcaffe-restaurant-nolinskivenezia.com\\\/it\\\/galleria\\\/\"]}]},{\"@type\":\"BreadcrumbList\",\"@id\":\"https:\\\/\\\/ilcaffe-restaurant-nolinskivenezia.com\\\/it\\\/galleria\\\/#breadcrumb\",\"itemListElement\":[{\"@type\":\"ListItem\",\"position\":1,\"name\":\"Accueil\",\"item\":\"https:\\\/\\\/ilcaffe-restaurant-nolinskivenezia.com\\\/it\\\/\"},{\"@type\":\"ListItem\",\"position\":2,\"name\":\"Galleria\"}]},{\"@type\":\"WebSite\",\"@id\":\"https:\\\/\\\/ilcaffe-restaurant-nolinskivenezia.com\\\/#website\",\"url\":\"https:\\\/\\\/ilcaffe-restaurant-nolinskivenezia.com\\\/\",\"name\":\"Il Caff\u00e8\",\"description\":\"H\u00f4tel 5 \u00e9toiles \u00e0 Venise, Italie\",\"potentialAction\":[{\"@type\":\"SearchAction\",\"target\":{\"@type\":\"EntryPoint\",\"urlTemplate\":\"https:\\\/\\\/ilcaffe-restaurant-nolinskivenezia.com\\\/?s={search_term_string}\"},\"query-input\":{\"@type\":\"PropertyValueSpecification\",\"valueRequired\":true,\"valueName\":\"search_term_string\"}}],\"inLanguage\":\"it-IT\"}]}<\/script>\n<!-- \/ Yoast SEO plugin. -->","yoast_head_json":{"title":"Galleria - Il Caff\u00e8","robots":{"index":"index","follow":"follow","max-snippet":"max-snippet:-1","max-image-preview":"max-image-preview:large","max-video-preview":"max-video-preview:-1"},"canonical":"https:\/\/ilcaffe-restaurant-nolinskivenezia.com\/it\/galleria\/","og_locale":"it_IT","og_type":"article","og_title":"Galleria - Il Caff\u00e8","og_url":"https:\/\/ilcaffe-restaurant-nolinskivenezia.com\/it\/galleria\/","og_site_name":"Il Caff\u00e8","article_modified_time":"2025-05-14T15:39:11+00:00","twitter_card":"summary_large_image","schema":{"@context":"https:\/\/schema.org","@graph":[{"@type":"WebPage","@id":"https:\/\/ilcaffe-restaurant-nolinskivenezia.com\/it\/galleria\/","url":"https:\/\/ilcaffe-restaurant-nolinskivenezia.com\/it\/galleria\/","name":"Galleria - Il Caff\u00e8","isPartOf":{"@id":"https:\/\/ilcaffe-restaurant-nolinskivenezia.com\/#website"},"datePublished":"2025-04-02T15:47:38+00:00","dateModified":"2025-05-14T15:39:11+00:00","breadcrumb":{"@id":"https:\/\/ilcaffe-restaurant-nolinskivenezia.com\/it\/galleria\/#breadcrumb"},"inLanguage":"it-IT","potentialAction":[{"@type":"ReadAction","target":["https:\/\/ilcaffe-restaurant-nolinskivenezia.com\/it\/galleria\/"]}]},{"@type":"BreadcrumbList","@id":"https:\/\/ilcaffe-restaurant-nolinskivenezia.com\/it\/galleria\/#breadcrumb","itemListElement":[{"@type":"ListItem","position":1,"name":"Accueil","item":"https:\/\/ilcaffe-restaurant-nolinskivenezia.com\/it\/"},{"@type":"ListItem","position":2,"name":"Galleria"}]},{"@type":"WebSite","@id":"https:\/\/ilcaffe-restaurant-nolinskivenezia.com\/#website","url":"https:\/\/ilcaffe-restaurant-nolinskivenezia.com\/","name":"Il Caff\u00e8","description":"H\u00f4tel 5 \u00e9toiles \u00e0 Venise, Italie","potentialAction":[{"@type":"SearchAction","target":{"@type":"EntryPoint","urlTemplate":"https:\/\/ilcaffe-restaurant-nolinskivenezia.com\/?s={search_term_string}"},"query-input":{"@type":"PropertyValueSpecification","valueRequired":true,"valueName":"search_term_string"}}],"inLanguage":"it-IT"}]}},"_links":{"self":[{"href":"https:\/\/ilcaffe-restaurant-nolinskivenezia.com\/it\/wp-json\/wp\/v2\/pages\/3550","targetHints":{"allow":["GET"]}}],"collection":[{"href":"https:\/\/ilcaffe-restaurant-nolinskivenezia.com\/it\/wp-json\/wp\/v2\/pages"}],"about":[{"href":"https:\/\/ilcaffe-restaurant-nolinskivenezia.com\/it\/wp-json\/wp\/v2\/types\/page"}],"author":[{"embeddable":true,"href":"https:\/\/ilcaffe-restaurant-nolinskivenezia.com\/it\/wp-json\/wp\/v2\/users\/3"}],"replies":[{"embeddable":true,"href":"https:\/\/ilcaffe-restaurant-nolinskivenezia.com\/it\/wp-json\/wp\/v2\/comments?post=3550"}],"version-history":[{"count":6,"href":"https:\/\/ilcaffe-restaurant-nolinskivenezia.com\/it\/wp-json\/wp\/v2\/pages\/3550\/revisions"}],"predecessor-version":[{"id":3704,"href":"https:\/\/ilcaffe-restaurant-nolinskivenezia.com\/it\/wp-json\/wp\/v2\/pages\/3550\/revisions\/3704"}],"wp:attachment":[{"href":"https:\/\/ilcaffe-restaurant-nolinskivenezia.com\/it\/wp-json\/wp\/v2\/media?parent=3550"}],"curies":[{"name":"wp","href":"https:\/\/api.w.org\/{rel}","templated":true}]}}