{"id":1465,"date":"2023-04-19T17:09:35","date_gmt":"2023-04-19T15:09:35","guid":{"rendered":"https:\/\/nolinskiparis.com\/ilcaffe\/?page_id=1465"},"modified":"2025-05-09T15:23:12","modified_gmt":"2025-05-09T13:23:12","slug":"informativa-privacy","status":"publish","type":"page","link":"https:\/\/ilcaffe-restaurant-nolinskivenezia.com\/it\/informativa-privacy\/","title":{"rendered":"Informativa Privacy"},"content":{"rendered":"","protected":false},"excerpt":{"rendered":"","protected":false},"author":3,"featured_media":0,"parent":0,"menu_order":0,"comment_status":"closed","ping_status":"closed","template":"","meta":{"_acf_changed":false,"inline_featured_image":false,"footnotes":""},"class_list":["post-1465","page","type-page","status-publish","hentry"],"acf":[],"yoast_head":"<!-- This site is optimized with the Yoast SEO plugin v27.4 - https:\/\/yoast.com\/product\/yoast-seo-wordpress\/ -->\n<title>Informativa Privacy - Il Caff\u00e8<\/title>\n<meta name=\"robots\" content=\"noindex, follow\" \/>\n<meta property=\"og:locale\" content=\"it_IT\" \/>\n<meta property=\"og:type\" content=\"article\" \/>\n<meta property=\"og:title\" content=\"Informativa Privacy - Il Caff\u00e8\" \/>\n<meta property=\"og:url\" content=\"https:\/\/ilcaffe-restaurant-nolinskivenezia.com\/it\/informativa-privacy\/\" \/>\n<meta property=\"og:site_name\" content=\"Il Caff\u00e8\" \/>\n<meta property=\"article:modified_time\" content=\"2025-05-09T13:23:12+00:00\" \/>\n<meta name=\"twitter:card\" content=\"summary_large_image\" \/>\n<script type=\"application\/ld+json\" class=\"yoast-schema-graph\">{\"@context\":\"https:\\\/\\\/schema.org\",\"@graph\":[{\"@type\":\"WebPage\",\"@id\":\"https:\\\/\\\/ilcaffe-restaurant-nolinskivenezia.com\\\/it\\\/informativa-privacy\\\/\",\"url\":\"https:\\\/\\\/ilcaffe-restaurant-nolinskivenezia.com\\\/it\\\/informativa-privacy\\\/\",\"name\":\"Informativa Privacy - Il Caff\u00e8\",\"isPartOf\":{\"@id\":\"https:\\\/\\\/ilcaffe-restaurant-nolinskivenezia.com\\\/#website\"},\"datePublished\":\"2023-04-19T15:09:35+00:00\",\"dateModified\":\"2025-05-09T13:23:12+00:00\",\"breadcrumb\":{\"@id\":\"https:\\\/\\\/ilcaffe-restaurant-nolinskivenezia.com\\\/it\\\/informativa-privacy\\\/#breadcrumb\"},\"inLanguage\":\"it-IT\",\"potentialAction\":[{\"@type\":\"ReadAction\",\"target\":[\"https:\\\/\\\/ilcaffe-restaurant-nolinskivenezia.com\\\/it\\\/informativa-privacy\\\/\"]}]},{\"@type\":\"BreadcrumbList\",\"@id\":\"https:\\\/\\\/ilcaffe-restaurant-nolinskivenezia.com\\\/it\\\/informativa-privacy\\\/#breadcrumb\",\"itemListElement\":[{\"@type\":\"ListItem\",\"position\":1,\"name\":\"Accueil\",\"item\":\"https:\\\/\\\/ilcaffe-restaurant-nolinskivenezia.com\\\/it\\\/\"},{\"@type\":\"ListItem\",\"position\":2,\"name\":\"Informativa Privacy\"}]},{\"@type\":\"WebSite\",\"@id\":\"https:\\\/\\\/ilcaffe-restaurant-nolinskivenezia.com\\\/#website\",\"url\":\"https:\\\/\\\/ilcaffe-restaurant-nolinskivenezia.com\\\/\",\"name\":\"Il Caff\u00e8\",\"description\":\"H\u00f4tel 5 \u00e9toiles \u00e0 Venise, Italie\",\"potentialAction\":[{\"@type\":\"SearchAction\",\"target\":{\"@type\":\"EntryPoint\",\"urlTemplate\":\"https:\\\/\\\/ilcaffe-restaurant-nolinskivenezia.com\\\/?s={search_term_string}\"},\"query-input\":{\"@type\":\"PropertyValueSpecification\",\"valueRequired\":true,\"valueName\":\"search_term_string\"}}],\"inLanguage\":\"it-IT\"}]}<\/script>\n<!-- \/ Yoast SEO plugin. -->","yoast_head_json":{"title":"Informativa Privacy - Il Caff\u00e8","robots":{"index":"noindex","follow":"follow"},"og_locale":"it_IT","og_type":"article","og_title":"Informativa Privacy - Il Caff\u00e8","og_url":"https:\/\/ilcaffe-restaurant-nolinskivenezia.com\/it\/informativa-privacy\/","og_site_name":"Il Caff\u00e8","article_modified_time":"2025-05-09T13:23:12+00:00","twitter_card":"summary_large_image","schema":{"@context":"https:\/\/schema.org","@graph":[{"@type":"WebPage","@id":"https:\/\/ilcaffe-restaurant-nolinskivenezia.com\/it\/informativa-privacy\/","url":"https:\/\/ilcaffe-restaurant-nolinskivenezia.com\/it\/informativa-privacy\/","name":"Informativa Privacy - Il Caff\u00e8","isPartOf":{"@id":"https:\/\/ilcaffe-restaurant-nolinskivenezia.com\/#website"},"datePublished":"2023-04-19T15:09:35+00:00","dateModified":"2025-05-09T13:23:12+00:00","breadcrumb":{"@id":"https:\/\/ilcaffe-restaurant-nolinskivenezia.com\/it\/informativa-privacy\/#breadcrumb"},"inLanguage":"it-IT","potentialAction":[{"@type":"ReadAction","target":["https:\/\/ilcaffe-restaurant-nolinskivenezia.com\/it\/informativa-privacy\/"]}]},{"@type":"BreadcrumbList","@id":"https:\/\/ilcaffe-restaurant-nolinskivenezia.com\/it\/informativa-privacy\/#breadcrumb","itemListElement":[{"@type":"ListItem","position":1,"name":"Accueil","item":"https:\/\/ilcaffe-restaurant-nolinskivenezia.com\/it\/"},{"@type":"ListItem","position":2,"name":"Informativa Privacy"}]},{"@type":"WebSite","@id":"https:\/\/ilcaffe-restaurant-nolinskivenezia.com\/#website","url":"https:\/\/ilcaffe-restaurant-nolinskivenezia.com\/","name":"Il Caff\u00e8","description":"H\u00f4tel 5 \u00e9toiles \u00e0 Venise, Italie","potentialAction":[{"@type":"SearchAction","target":{"@type":"EntryPoint","urlTemplate":"https:\/\/ilcaffe-restaurant-nolinskivenezia.com\/?s={search_term_string}"},"query-input":{"@type":"PropertyValueSpecification","valueRequired":true,"valueName":"search_term_string"}}],"inLanguage":"it-IT"}]}},"_links":{"self":[{"href":"https:\/\/ilcaffe-restaurant-nolinskivenezia.com\/it\/wp-json\/wp\/v2\/pages\/1465","targetHints":{"allow":["GET"]}}],"collection":[{"href":"https:\/\/ilcaffe-restaurant-nolinskivenezia.com\/it\/wp-json\/wp\/v2\/pages"}],"about":[{"href":"https:\/\/ilcaffe-restaurant-nolinskivenezia.com\/it\/wp-json\/wp\/v2\/types\/page"}],"author":[{"embeddable":true,"href":"https:\/\/ilcaffe-restaurant-nolinskivenezia.com\/it\/wp-json\/wp\/v2\/users\/3"}],"replies":[{"embeddable":true,"href":"https:\/\/ilcaffe-restaurant-nolinskivenezia.com\/it\/wp-json\/wp\/v2\/comments?post=1465"}],"version-history":[{"count":18,"href":"https:\/\/ilcaffe-restaurant-nolinskivenezia.com\/it\/wp-json\/wp\/v2\/pages\/1465\/revisions"}],"predecessor-version":[{"id":3603,"href":"https:\/\/ilcaffe-restaurant-nolinskivenezia.com\/it\/wp-json\/wp\/v2\/pages\/1465\/revisions\/3603"}],"wp:attachment":[{"href":"https:\/\/ilcaffe-restaurant-nolinskivenezia.com\/it\/wp-json\/wp\/v2\/media?parent=1465"}],"curies":[{"name":"wp","href":"https:\/\/api.w.org\/{rel}","templated":true}]}}