{"id":808,"date":"2023-04-18T15:10:25","date_gmt":"2023-04-18T13:10:25","guid":{"rendered":"https:\/\/nolinskiparis.com\/ilcaffe\/?page_id=808"},"modified":"2026-04-16T10:45:39","modified_gmt":"2026-04-16T08:45:39","slug":"menus-il-caffe-nolinski","status":"publish","type":"page","link":"https:\/\/ilcaffe-restaurant-nolinskivenezia.com\/en\/menus-il-caffe-nolinski\/","title":{"rendered":"Menus"},"content":{"rendered":"","protected":false},"excerpt":{"rendered":"","protected":false},"author":3,"featured_media":0,"parent":0,"menu_order":0,"comment_status":"closed","ping_status":"closed","template":"","meta":{"_acf_changed":false,"inline_featured_image":false,"footnotes":""},"class_list":["post-808","page","type-page","status-publish","hentry"],"acf":[],"yoast_head":"<!-- This site is optimized with the Yoast SEO plugin v27.4 - https:\/\/yoast.com\/product\/yoast-seo-wordpress\/ -->\n<title>Il Caff\u00e8 Nolinski Venezia - Restaurants near San Marco Venice Italy<\/title>\n<meta name=\"description\" content=\"Lunch and dinner in a setting just a stone&#039;s from San Marco. Discover the menu: spritz, homemade pasta, seafood, sweet desserts\" \/>\n<meta name=\"robots\" content=\"index, follow, max-snippet:-1, max-image-preview:large, max-video-preview:-1\" \/>\n<link rel=\"canonical\" href=\"https:\/\/ilcaffe-restaurant-nolinskivenezia.com\/en\/menus-il-caffe-nolinski\/\" \/>\n<meta property=\"og:locale\" content=\"en_US\" \/>\n<meta property=\"og:type\" content=\"article\" \/>\n<meta property=\"og:title\" content=\"Il Caff\u00e8 Nolinski Venezia - Restaurants near San Marco Venice Italy\" \/>\n<meta property=\"og:description\" content=\"Lunch and dinner in a setting just a stone&#039;s from San Marco. Discover the menu: spritz, homemade pasta, seafood, sweet desserts\" \/>\n<meta property=\"og:url\" content=\"https:\/\/ilcaffe-restaurant-nolinskivenezia.com\/en\/menus-il-caffe-nolinski\/\" \/>\n<meta property=\"og:site_name\" content=\"Il Caff\u00e8\" \/>\n<meta property=\"article:modified_time\" content=\"2026-04-16T08:45:39+00:00\" \/>\n<meta name=\"twitter:card\" content=\"summary_large_image\" \/>\n<script type=\"application\/ld+json\" class=\"yoast-schema-graph\">{\"@context\":\"https:\\\/\\\/schema.org\",\"@graph\":[{\"@type\":\"WebPage\",\"@id\":\"https:\\\/\\\/ilcaffe-restaurant-nolinskivenezia.com\\\/en\\\/menus-il-caffe-nolinski\\\/\",\"url\":\"https:\\\/\\\/ilcaffe-restaurant-nolinskivenezia.com\\\/en\\\/menus-il-caffe-nolinski\\\/\",\"name\":\"Il Caff\u00e8 Nolinski Venezia - Restaurants near San Marco Venice Italy\",\"isPartOf\":{\"@id\":\"https:\\\/\\\/ilcaffe-restaurant-nolinskivenezia.com\\\/#website\"},\"datePublished\":\"2023-04-18T13:10:25+00:00\",\"dateModified\":\"2026-04-16T08:45:39+00:00\",\"description\":\"Lunch and dinner in a setting just a stone's from San Marco. Discover the menu: spritz, homemade pasta, seafood, sweet desserts\",\"breadcrumb\":{\"@id\":\"https:\\\/\\\/ilcaffe-restaurant-nolinskivenezia.com\\\/en\\\/menus-il-caffe-nolinski\\\/#breadcrumb\"},\"inLanguage\":\"en-US\",\"potentialAction\":[{\"@type\":\"ReadAction\",\"target\":[\"https:\\\/\\\/ilcaffe-restaurant-nolinskivenezia.com\\\/en\\\/menus-il-caffe-nolinski\\\/\"]}]},{\"@type\":\"BreadcrumbList\",\"@id\":\"https:\\\/\\\/ilcaffe-restaurant-nolinskivenezia.com\\\/en\\\/menus-il-caffe-nolinski\\\/#breadcrumb\",\"itemListElement\":[{\"@type\":\"ListItem\",\"position\":1,\"name\":\"Accueil\",\"item\":\"https:\\\/\\\/ilcaffe-restaurant-nolinskivenezia.com\\\/en\\\/\"},{\"@type\":\"ListItem\",\"position\":2,\"name\":\"Menus\"}]},{\"@type\":\"WebSite\",\"@id\":\"https:\\\/\\\/ilcaffe-restaurant-nolinskivenezia.com\\\/#website\",\"url\":\"https:\\\/\\\/ilcaffe-restaurant-nolinskivenezia.com\\\/\",\"name\":\"Il Caff\u00e8\",\"description\":\"H\u00f4tel 5 \u00e9toiles \u00e0 Venise, Italie\",\"potentialAction\":[{\"@type\":\"SearchAction\",\"target\":{\"@type\":\"EntryPoint\",\"urlTemplate\":\"https:\\\/\\\/ilcaffe-restaurant-nolinskivenezia.com\\\/?s={search_term_string}\"},\"query-input\":{\"@type\":\"PropertyValueSpecification\",\"valueRequired\":true,\"valueName\":\"search_term_string\"}}],\"inLanguage\":\"en-US\"}]}<\/script>\n<!-- \/ Yoast SEO plugin. -->","yoast_head_json":{"title":"Il Caff\u00e8 Nolinski Venezia - Restaurants near San Marco Venice Italy","description":"Lunch and dinner in a setting just a stone's from San Marco. Discover the menu: spritz, homemade pasta, seafood, sweet desserts","robots":{"index":"index","follow":"follow","max-snippet":"max-snippet:-1","max-image-preview":"max-image-preview:large","max-video-preview":"max-video-preview:-1"},"canonical":"https:\/\/ilcaffe-restaurant-nolinskivenezia.com\/en\/menus-il-caffe-nolinski\/","og_locale":"en_US","og_type":"article","og_title":"Il Caff\u00e8 Nolinski Venezia - Restaurants near San Marco Venice Italy","og_description":"Lunch and dinner in a setting just a stone's from San Marco. Discover the menu: spritz, homemade pasta, seafood, sweet desserts","og_url":"https:\/\/ilcaffe-restaurant-nolinskivenezia.com\/en\/menus-il-caffe-nolinski\/","og_site_name":"Il Caff\u00e8","article_modified_time":"2026-04-16T08:45:39+00:00","twitter_card":"summary_large_image","schema":{"@context":"https:\/\/schema.org","@graph":[{"@type":"WebPage","@id":"https:\/\/ilcaffe-restaurant-nolinskivenezia.com\/en\/menus-il-caffe-nolinski\/","url":"https:\/\/ilcaffe-restaurant-nolinskivenezia.com\/en\/menus-il-caffe-nolinski\/","name":"Il Caff\u00e8 Nolinski Venezia - Restaurants near San Marco Venice Italy","isPartOf":{"@id":"https:\/\/ilcaffe-restaurant-nolinskivenezia.com\/#website"},"datePublished":"2023-04-18T13:10:25+00:00","dateModified":"2026-04-16T08:45:39+00:00","description":"Lunch and dinner in a setting just a stone's from San Marco. Discover the menu: spritz, homemade pasta, seafood, sweet desserts","breadcrumb":{"@id":"https:\/\/ilcaffe-restaurant-nolinskivenezia.com\/en\/menus-il-caffe-nolinski\/#breadcrumb"},"inLanguage":"en-US","potentialAction":[{"@type":"ReadAction","target":["https:\/\/ilcaffe-restaurant-nolinskivenezia.com\/en\/menus-il-caffe-nolinski\/"]}]},{"@type":"BreadcrumbList","@id":"https:\/\/ilcaffe-restaurant-nolinskivenezia.com\/en\/menus-il-caffe-nolinski\/#breadcrumb","itemListElement":[{"@type":"ListItem","position":1,"name":"Accueil","item":"https:\/\/ilcaffe-restaurant-nolinskivenezia.com\/en\/"},{"@type":"ListItem","position":2,"name":"Menus"}]},{"@type":"WebSite","@id":"https:\/\/ilcaffe-restaurant-nolinskivenezia.com\/#website","url":"https:\/\/ilcaffe-restaurant-nolinskivenezia.com\/","name":"Il Caff\u00e8","description":"H\u00f4tel 5 \u00e9toiles \u00e0 Venise, Italie","potentialAction":[{"@type":"SearchAction","target":{"@type":"EntryPoint","urlTemplate":"https:\/\/ilcaffe-restaurant-nolinskivenezia.com\/?s={search_term_string}"},"query-input":{"@type":"PropertyValueSpecification","valueRequired":true,"valueName":"search_term_string"}}],"inLanguage":"en-US"}]}},"_links":{"self":[{"href":"https:\/\/ilcaffe-restaurant-nolinskivenezia.com\/en\/wp-json\/wp\/v2\/pages\/808","targetHints":{"allow":["GET"]}}],"collection":[{"href":"https:\/\/ilcaffe-restaurant-nolinskivenezia.com\/en\/wp-json\/wp\/v2\/pages"}],"about":[{"href":"https:\/\/ilcaffe-restaurant-nolinskivenezia.com\/en\/wp-json\/wp\/v2\/types\/page"}],"author":[{"embeddable":true,"href":"https:\/\/ilcaffe-restaurant-nolinskivenezia.com\/en\/wp-json\/wp\/v2\/users\/3"}],"replies":[{"embeddable":true,"href":"https:\/\/ilcaffe-restaurant-nolinskivenezia.com\/en\/wp-json\/wp\/v2\/comments?post=808"}],"version-history":[{"count":71,"href":"https:\/\/ilcaffe-restaurant-nolinskivenezia.com\/en\/wp-json\/wp\/v2\/pages\/808\/revisions"}],"predecessor-version":[{"id":3913,"href":"https:\/\/ilcaffe-restaurant-nolinskivenezia.com\/en\/wp-json\/wp\/v2\/pages\/808\/revisions\/3913"}],"wp:attachment":[{"href":"https:\/\/ilcaffe-restaurant-nolinskivenezia.com\/en\/wp-json\/wp\/v2\/media?parent=808"}],"curies":[{"name":"wp","href":"https:\/\/api.w.org\/{rel}","templated":true}]}}