{"id":3568,"date":"2025-04-07T10:12:24","date_gmt":"2025-04-07T08:12:24","guid":{"rendered":"https:\/\/ilcaffe-restaurant-nolinskivenezia.com\/evenements\/"},"modified":"2026-04-14T11:38:19","modified_gmt":"2026-04-14T09:38:19","slug":"evenements","status":"publish","type":"page","link":"https:\/\/ilcaffe-restaurant-nolinskivenezia.com\/en\/evenements\/","title":{"rendered":"Events"},"content":{"rendered":"","protected":false},"excerpt":{"rendered":"","protected":false},"author":3,"featured_media":0,"parent":0,"menu_order":0,"comment_status":"closed","ping_status":"closed","template":"","meta":{"_acf_changed":false,"inline_featured_image":false,"footnotes":""},"class_list":["post-3568","page","type-page","status-publish","hentry"],"acf":[],"yoast_head":"<!-- This site is optimized with the Yoast SEO plugin v27.4 - https:\/\/yoast.com\/product\/yoast-seo-wordpress\/ -->\n<title>Events and privatisations - Il Caff\u00e8 Nolinski Venezia Italy<\/title>\n<meta name=\"description\" content=\"Confidential or professional events in a refined setting in Venice: cocktail parties, private aperitifs, intimate dinners.\" \/>\n<meta name=\"robots\" content=\"index, follow, max-snippet:-1, max-image-preview:large, max-video-preview:-1\" \/>\n<link rel=\"canonical\" href=\"https:\/\/ilcaffe-restaurant-nolinskivenezia.com\/en\/evenements\/\" \/>\n<meta property=\"og:locale\" content=\"en_US\" \/>\n<meta property=\"og:type\" content=\"article\" \/>\n<meta property=\"og:title\" content=\"Events and privatisations - Il Caff\u00e8 Nolinski Venezia Italy\" \/>\n<meta property=\"og:description\" content=\"Confidential or professional events in a refined setting in Venice: cocktail parties, private aperitifs, intimate dinners.\" \/>\n<meta property=\"og:url\" content=\"https:\/\/ilcaffe-restaurant-nolinskivenezia.com\/en\/evenements\/\" \/>\n<meta property=\"og:site_name\" content=\"Il Caff\u00e8\" \/>\n<meta property=\"article:modified_time\" content=\"2026-04-14T09:38:19+00:00\" \/>\n<meta name=\"twitter:card\" content=\"summary_large_image\" \/>\n<script type=\"application\/ld+json\" class=\"yoast-schema-graph\">{\"@context\":\"https:\\\/\\\/schema.org\",\"@graph\":[{\"@type\":\"WebPage\",\"@id\":\"https:\\\/\\\/ilcaffe-restaurant-nolinskivenezia.com\\\/en\\\/evenements\\\/\",\"url\":\"https:\\\/\\\/ilcaffe-restaurant-nolinskivenezia.com\\\/en\\\/evenements\\\/\",\"name\":\"Events and privatisations - Il Caff\u00e8 Nolinski Venezia Italy\",\"isPartOf\":{\"@id\":\"https:\\\/\\\/ilcaffe-restaurant-nolinskivenezia.com\\\/#website\"},\"datePublished\":\"2025-04-07T08:12:24+00:00\",\"dateModified\":\"2026-04-14T09:38:19+00:00\",\"description\":\"Confidential or professional events in a refined setting in Venice: cocktail parties, private aperitifs, intimate dinners.\",\"breadcrumb\":{\"@id\":\"https:\\\/\\\/ilcaffe-restaurant-nolinskivenezia.com\\\/en\\\/evenements\\\/#breadcrumb\"},\"inLanguage\":\"en-US\",\"potentialAction\":[{\"@type\":\"ReadAction\",\"target\":[\"https:\\\/\\\/ilcaffe-restaurant-nolinskivenezia.com\\\/en\\\/evenements\\\/\"]}]},{\"@type\":\"BreadcrumbList\",\"@id\":\"https:\\\/\\\/ilcaffe-restaurant-nolinskivenezia.com\\\/en\\\/evenements\\\/#breadcrumb\",\"itemListElement\":[{\"@type\":\"ListItem\",\"position\":1,\"name\":\"Accueil\",\"item\":\"https:\\\/\\\/ilcaffe-restaurant-nolinskivenezia.com\\\/en\\\/\"},{\"@type\":\"ListItem\",\"position\":2,\"name\":\"Events\"}]},{\"@type\":\"WebSite\",\"@id\":\"https:\\\/\\\/ilcaffe-restaurant-nolinskivenezia.com\\\/#website\",\"url\":\"https:\\\/\\\/ilcaffe-restaurant-nolinskivenezia.com\\\/\",\"name\":\"Il Caff\u00e8\",\"description\":\"H\u00f4tel 5 \u00e9toiles \u00e0 Venise, Italie\",\"potentialAction\":[{\"@type\":\"SearchAction\",\"target\":{\"@type\":\"EntryPoint\",\"urlTemplate\":\"https:\\\/\\\/ilcaffe-restaurant-nolinskivenezia.com\\\/?s={search_term_string}\"},\"query-input\":{\"@type\":\"PropertyValueSpecification\",\"valueRequired\":true,\"valueName\":\"search_term_string\"}}],\"inLanguage\":\"en-US\"}]}<\/script>\n<!-- \/ Yoast SEO plugin. -->","yoast_head_json":{"title":"Events and privatisations - Il Caff\u00e8 Nolinski Venezia Italy","description":"Confidential or professional events in a refined setting in Venice: cocktail parties, private aperitifs, intimate dinners.","robots":{"index":"index","follow":"follow","max-snippet":"max-snippet:-1","max-image-preview":"max-image-preview:large","max-video-preview":"max-video-preview:-1"},"canonical":"https:\/\/ilcaffe-restaurant-nolinskivenezia.com\/en\/evenements\/","og_locale":"en_US","og_type":"article","og_title":"Events and privatisations - Il Caff\u00e8 Nolinski Venezia Italy","og_description":"Confidential or professional events in a refined setting in Venice: cocktail parties, private aperitifs, intimate dinners.","og_url":"https:\/\/ilcaffe-restaurant-nolinskivenezia.com\/en\/evenements\/","og_site_name":"Il Caff\u00e8","article_modified_time":"2026-04-14T09:38:19+00:00","twitter_card":"summary_large_image","schema":{"@context":"https:\/\/schema.org","@graph":[{"@type":"WebPage","@id":"https:\/\/ilcaffe-restaurant-nolinskivenezia.com\/en\/evenements\/","url":"https:\/\/ilcaffe-restaurant-nolinskivenezia.com\/en\/evenements\/","name":"Events and privatisations - Il Caff\u00e8 Nolinski Venezia Italy","isPartOf":{"@id":"https:\/\/ilcaffe-restaurant-nolinskivenezia.com\/#website"},"datePublished":"2025-04-07T08:12:24+00:00","dateModified":"2026-04-14T09:38:19+00:00","description":"Confidential or professional events in a refined setting in Venice: cocktail parties, private aperitifs, intimate dinners.","breadcrumb":{"@id":"https:\/\/ilcaffe-restaurant-nolinskivenezia.com\/en\/evenements\/#breadcrumb"},"inLanguage":"en-US","potentialAction":[{"@type":"ReadAction","target":["https:\/\/ilcaffe-restaurant-nolinskivenezia.com\/en\/evenements\/"]}]},{"@type":"BreadcrumbList","@id":"https:\/\/ilcaffe-restaurant-nolinskivenezia.com\/en\/evenements\/#breadcrumb","itemListElement":[{"@type":"ListItem","position":1,"name":"Accueil","item":"https:\/\/ilcaffe-restaurant-nolinskivenezia.com\/en\/"},{"@type":"ListItem","position":2,"name":"Events"}]},{"@type":"WebSite","@id":"https:\/\/ilcaffe-restaurant-nolinskivenezia.com\/#website","url":"https:\/\/ilcaffe-restaurant-nolinskivenezia.com\/","name":"Il Caff\u00e8","description":"H\u00f4tel 5 \u00e9toiles \u00e0 Venise, Italie","potentialAction":[{"@type":"SearchAction","target":{"@type":"EntryPoint","urlTemplate":"https:\/\/ilcaffe-restaurant-nolinskivenezia.com\/?s={search_term_string}"},"query-input":{"@type":"PropertyValueSpecification","valueRequired":true,"valueName":"search_term_string"}}],"inLanguage":"en-US"}]}},"_links":{"self":[{"href":"https:\/\/ilcaffe-restaurant-nolinskivenezia.com\/en\/wp-json\/wp\/v2\/pages\/3568","targetHints":{"allow":["GET"]}}],"collection":[{"href":"https:\/\/ilcaffe-restaurant-nolinskivenezia.com\/en\/wp-json\/wp\/v2\/pages"}],"about":[{"href":"https:\/\/ilcaffe-restaurant-nolinskivenezia.com\/en\/wp-json\/wp\/v2\/types\/page"}],"author":[{"embeddable":true,"href":"https:\/\/ilcaffe-restaurant-nolinskivenezia.com\/en\/wp-json\/wp\/v2\/users\/3"}],"replies":[{"embeddable":true,"href":"https:\/\/ilcaffe-restaurant-nolinskivenezia.com\/en\/wp-json\/wp\/v2\/comments?post=3568"}],"version-history":[{"count":6,"href":"https:\/\/ilcaffe-restaurant-nolinskivenezia.com\/en\/wp-json\/wp\/v2\/pages\/3568\/revisions"}],"predecessor-version":[{"id":3900,"href":"https:\/\/ilcaffe-restaurant-nolinskivenezia.com\/en\/wp-json\/wp\/v2\/pages\/3568\/revisions\/3900"}],"wp:attachment":[{"href":"https:\/\/ilcaffe-restaurant-nolinskivenezia.com\/en\/wp-json\/wp\/v2\/media?parent=3568"}],"curies":[{"name":"wp","href":"https:\/\/api.w.org\/{rel}","templated":true}]}}