{"id":1457,"date":"2023-04-19T17:07:08","date_gmt":"2023-04-19T15:07:08","guid":{"rendered":"https:\/\/nolinskiparis.com\/ilcaffe\/?page_id=1457"},"modified":"2025-11-27T09:47:32","modified_gmt":"2025-11-27T08:47:32","slug":"legal-notices-credits","status":"publish","type":"page","link":"https:\/\/ilcaffe-restaurant-nolinskivenezia.com\/en\/legal-notices-credits\/","title":{"rendered":"Legal notices &amp; informations"},"content":{"rendered":"","protected":false},"excerpt":{"rendered":"","protected":false},"author":3,"featured_media":0,"parent":0,"menu_order":0,"comment_status":"closed","ping_status":"closed","template":"","meta":{"_acf_changed":false,"inline_featured_image":false,"footnotes":""},"class_list":["post-1457","page","type-page","status-publish","hentry"],"acf":[],"yoast_head":"<!-- This site is optimized with the Yoast SEO plugin v27.4 - https:\/\/yoast.com\/product\/yoast-seo-wordpress\/ -->\n<title>Legal notices &amp; informations - Il Caff\u00e8<\/title>\n<meta name=\"robots\" content=\"noindex, follow\" \/>\n<meta property=\"og:locale\" content=\"en_US\" \/>\n<meta property=\"og:type\" content=\"article\" \/>\n<meta property=\"og:title\" content=\"Legal notices &amp; informations - Il Caff\u00e8\" \/>\n<meta property=\"og:url\" content=\"https:\/\/ilcaffe-restaurant-nolinskivenezia.com\/en\/legal-notices-credits\/\" \/>\n<meta property=\"og:site_name\" content=\"Il Caff\u00e8\" \/>\n<meta property=\"article:modified_time\" content=\"2025-11-27T08:47:32+00:00\" \/>\n<meta name=\"twitter:card\" content=\"summary_large_image\" \/>\n<script type=\"application\/ld+json\" class=\"yoast-schema-graph\">{\"@context\":\"https:\\\/\\\/schema.org\",\"@graph\":[{\"@type\":\"WebPage\",\"@id\":\"https:\\\/\\\/ilcaffe-restaurant-nolinskivenezia.com\\\/en\\\/legal-notices-credits\\\/\",\"url\":\"https:\\\/\\\/ilcaffe-restaurant-nolinskivenezia.com\\\/en\\\/legal-notices-credits\\\/\",\"name\":\"Legal notices &amp; informations - Il Caff\u00e8\",\"isPartOf\":{\"@id\":\"https:\\\/\\\/ilcaffe-restaurant-nolinskivenezia.com\\\/#website\"},\"datePublished\":\"2023-04-19T15:07:08+00:00\",\"dateModified\":\"2025-11-27T08:47:32+00:00\",\"breadcrumb\":{\"@id\":\"https:\\\/\\\/ilcaffe-restaurant-nolinskivenezia.com\\\/en\\\/legal-notices-credits\\\/#breadcrumb\"},\"inLanguage\":\"en-US\",\"potentialAction\":[{\"@type\":\"ReadAction\",\"target\":[\"https:\\\/\\\/ilcaffe-restaurant-nolinskivenezia.com\\\/en\\\/legal-notices-credits\\\/\"]}]},{\"@type\":\"BreadcrumbList\",\"@id\":\"https:\\\/\\\/ilcaffe-restaurant-nolinskivenezia.com\\\/en\\\/legal-notices-credits\\\/#breadcrumb\",\"itemListElement\":[{\"@type\":\"ListItem\",\"position\":1,\"name\":\"Accueil\",\"item\":\"https:\\\/\\\/ilcaffe-restaurant-nolinskivenezia.com\\\/en\\\/\"},{\"@type\":\"ListItem\",\"position\":2,\"name\":\"Legal notices &amp; informations\"}]},{\"@type\":\"WebSite\",\"@id\":\"https:\\\/\\\/ilcaffe-restaurant-nolinskivenezia.com\\\/#website\",\"url\":\"https:\\\/\\\/ilcaffe-restaurant-nolinskivenezia.com\\\/\",\"name\":\"Il Caff\u00e8\",\"description\":\"H\u00f4tel 5 \u00e9toiles \u00e0 Venise, Italie\",\"potentialAction\":[{\"@type\":\"SearchAction\",\"target\":{\"@type\":\"EntryPoint\",\"urlTemplate\":\"https:\\\/\\\/ilcaffe-restaurant-nolinskivenezia.com\\\/?s={search_term_string}\"},\"query-input\":{\"@type\":\"PropertyValueSpecification\",\"valueRequired\":true,\"valueName\":\"search_term_string\"}}],\"inLanguage\":\"en-US\"}]}<\/script>\n<!-- \/ Yoast SEO plugin. -->","yoast_head_json":{"title":"Legal notices &amp; informations - Il Caff\u00e8","robots":{"index":"noindex","follow":"follow"},"og_locale":"en_US","og_type":"article","og_title":"Legal notices &amp; informations - Il Caff\u00e8","og_url":"https:\/\/ilcaffe-restaurant-nolinskivenezia.com\/en\/legal-notices-credits\/","og_site_name":"Il Caff\u00e8","article_modified_time":"2025-11-27T08:47:32+00:00","twitter_card":"summary_large_image","schema":{"@context":"https:\/\/schema.org","@graph":[{"@type":"WebPage","@id":"https:\/\/ilcaffe-restaurant-nolinskivenezia.com\/en\/legal-notices-credits\/","url":"https:\/\/ilcaffe-restaurant-nolinskivenezia.com\/en\/legal-notices-credits\/","name":"Legal notices &amp; informations - Il Caff\u00e8","isPartOf":{"@id":"https:\/\/ilcaffe-restaurant-nolinskivenezia.com\/#website"},"datePublished":"2023-04-19T15:07:08+00:00","dateModified":"2025-11-27T08:47:32+00:00","breadcrumb":{"@id":"https:\/\/ilcaffe-restaurant-nolinskivenezia.com\/en\/legal-notices-credits\/#breadcrumb"},"inLanguage":"en-US","potentialAction":[{"@type":"ReadAction","target":["https:\/\/ilcaffe-restaurant-nolinskivenezia.com\/en\/legal-notices-credits\/"]}]},{"@type":"BreadcrumbList","@id":"https:\/\/ilcaffe-restaurant-nolinskivenezia.com\/en\/legal-notices-credits\/#breadcrumb","itemListElement":[{"@type":"ListItem","position":1,"name":"Accueil","item":"https:\/\/ilcaffe-restaurant-nolinskivenezia.com\/en\/"},{"@type":"ListItem","position":2,"name":"Legal notices &amp; informations"}]},{"@type":"WebSite","@id":"https:\/\/ilcaffe-restaurant-nolinskivenezia.com\/#website","url":"https:\/\/ilcaffe-restaurant-nolinskivenezia.com\/","name":"Il Caff\u00e8","description":"H\u00f4tel 5 \u00e9toiles \u00e0 Venise, Italie","potentialAction":[{"@type":"SearchAction","target":{"@type":"EntryPoint","urlTemplate":"https:\/\/ilcaffe-restaurant-nolinskivenezia.com\/?s={search_term_string}"},"query-input":{"@type":"PropertyValueSpecification","valueRequired":true,"valueName":"search_term_string"}}],"inLanguage":"en-US"}]}},"_links":{"self":[{"href":"https:\/\/ilcaffe-restaurant-nolinskivenezia.com\/en\/wp-json\/wp\/v2\/pages\/1457","targetHints":{"allow":["GET"]}}],"collection":[{"href":"https:\/\/ilcaffe-restaurant-nolinskivenezia.com\/en\/wp-json\/wp\/v2\/pages"}],"about":[{"href":"https:\/\/ilcaffe-restaurant-nolinskivenezia.com\/en\/wp-json\/wp\/v2\/types\/page"}],"author":[{"embeddable":true,"href":"https:\/\/ilcaffe-restaurant-nolinskivenezia.com\/en\/wp-json\/wp\/v2\/users\/3"}],"replies":[{"embeddable":true,"href":"https:\/\/ilcaffe-restaurant-nolinskivenezia.com\/en\/wp-json\/wp\/v2\/comments?post=1457"}],"version-history":[{"count":17,"href":"https:\/\/ilcaffe-restaurant-nolinskivenezia.com\/en\/wp-json\/wp\/v2\/pages\/1457\/revisions"}],"predecessor-version":[{"id":3806,"href":"https:\/\/ilcaffe-restaurant-nolinskivenezia.com\/en\/wp-json\/wp\/v2\/pages\/1457\/revisions\/3806"}],"wp:attachment":[{"href":"https:\/\/ilcaffe-restaurant-nolinskivenezia.com\/en\/wp-json\/wp\/v2\/media?parent=1457"}],"curies":[{"name":"wp","href":"https:\/\/api.w.org\/{rel}","templated":true}]}}